{"id":2773,"date":"2025-07-15T17:17:25","date_gmt":"2025-07-15T17:17:25","guid":{"rendered":"https:\/\/www.mascolab.com\/proto\/?post_type=product&#038;p=2773"},"modified":"2025-07-15T17:23:41","modified_gmt":"2025-07-15T17:23:41","slug":"micropipetas-autoclavables","status":"publish","type":"product","link":"https:\/\/www.mascolab.com\/proto\/producto\/micropipetas-autoclavables\/","title":{"rendered":"Micropipetas autoclavables"},"content":{"rendered":"<p>Amplio rango de volumen de 0,1 \u03bcl a 10 ml<br \/>\nDise\u00f1o ergon\u00f3mico que permite un agarre c\u00f3modo.<br \/>\nLa pantalla de volumen de 4 d\u00edgitos ofrece una alta precisi\u00f3n de hasta 0,002 \u03bcl<br \/>\nBot\u00f3n de control con c\u00f3digo de colores que facilita la identificaci\u00f3n de los diferentes rangos de volumen<br \/>\nLa ventana de visualizaci\u00f3n central garantiza una lectura y un ajuste del volumen sin esfuerzo, lo que ofrece comodidad tanto para usuarios diestros como zurdos.<br \/>\nFabricadas con materiales de primera calidad, las pipetas son totalmente autoclavables sin necesidad de desmontarlas, esterilizables por rayos UV y altamente resistentes a la corrosi\u00f3n qu\u00edmica.<br \/>\nUn bloqueo de volumen con una sola tecla minimiza significativamente el manejo incorrecto accidental y garantiza la precisi\u00f3n y la fiabilidad al transferir peque\u00f1os vol\u00famenes de l\u00edquido.<br \/>\nCada pipeta est\u00e1 calibrada seg\u00fan la norma ISO 8655 y se env\u00eda con certificados de prueba individuales.<br \/>\nCalibraci\u00f3n sencilla sin necesidad de herramientas adicionales.<br \/>\nAmplia compatibilidad con diversas puntas de pipeta del mercado.<br \/>\nF\u00e1cil de desmontar y mantener.<\/p>\n","protected":false},"excerpt":{"rendered":"<p>Amplio rango de volumen de 0,1 \u03bcl a 10 ml Dise\u00f1o ergon\u00f3mico que permite un agarre c\u00f3modo. La pantalla de volumen de 4 d\u00edgitos ofrece una alta precisi\u00f3n de hasta 0,002 \u03bcl Bot\u00f3n de control con c\u00f3digo de colores que facilita la identificaci\u00f3n de los diferentes rangos de volumen La ventana de visualizaci\u00f3n central garantiza &hellip;<\/p>\n<p class=\"read-more\"> <a class=\" thunk-readmore button \" href=\"https:\/\/www.mascolab.com\/proto\/producto\/micropipetas-autoclavables\/\"> <span class=\"screen-reader-text\">Micropipetas autoclavables<\/span>Read More<\/a><\/p>\n","protected":false},"featured_media":2774,"comment_status":"open","ping_status":"closed","template":"","meta":[],"product_brand":[],"product_cat":[103],"product_tag":[],"class_list":{"0":"post-2773","1":"product","2":"type-product","3":"status-publish","4":"has-post-thumbnail","6":"product_cat-instrumentos","7":"thunk-woo-product-list","8":"th-shop-mania-woo-hover-","9":"open-single-product-tab-horizontal","10":"open-shadow-","11":"open-shadow-hover-","13":"first","14":"instock","15":"shipping-taxable","16":"purchasable","17":"product-type-simple","18":"add-to-wishlist-after_add_to_cart"},"_links":{"self":[{"href":"https:\/\/www.mascolab.com\/proto\/wp-json\/wp\/v2\/product\/2773","targetHints":{"allow":["GET"]}}],"collection":[{"href":"https:\/\/www.mascolab.com\/proto\/wp-json\/wp\/v2\/product"}],"about":[{"href":"https:\/\/www.mascolab.com\/proto\/wp-json\/wp\/v2\/types\/product"}],"replies":[{"embeddable":true,"href":"https:\/\/www.mascolab.com\/proto\/wp-json\/wp\/v2\/comments?post=2773"}],"wp:featuredmedia":[{"embeddable":true,"href":"https:\/\/www.mascolab.com\/proto\/wp-json\/wp\/v2\/media\/2774"}],"wp:attachment":[{"href":"https:\/\/www.mascolab.com\/proto\/wp-json\/wp\/v2\/media?parent=2773"}],"wp:term":[{"taxonomy":"product_brand","embeddable":true,"href":"https:\/\/www.mascolab.com\/proto\/wp-json\/wp\/v2\/product_brand?post=2773"},{"taxonomy":"product_cat","embeddable":true,"href":"https:\/\/www.mascolab.com\/proto\/wp-json\/wp\/v2\/product_cat?post=2773"},{"taxonomy":"product_tag","embeddable":true,"href":"https:\/\/www.mascolab.com\/proto\/wp-json\/wp\/v2\/product_tag?post=2773"}],"curies":[{"name":"wp","href":"https:\/\/api.w.org\/{rel}","templated":true}]}}