{"id":2649,"date":"2025-02-05T21:19:22","date_gmt":"2025-02-05T21:19:22","guid":{"rendered":"https:\/\/www.mascolab.com\/protocolizate\/?post_type=product&#038;p=2649"},"modified":"2025-04-01T21:20:26","modified_gmt":"2025-04-01T21:20:26","slug":"proto-hpf","status":"publish","type":"product","link":"https:\/\/www.mascolab.com\/proto\/producto\/proto-hpf\/","title":{"rendered":"Perfil Hemopar\u00e1sitos Felino"},"content":{"rendered":"<p>Somos un laboratorio registrado ante ICA como productores de insumos veterinarios, contamos con un sistema de gesti\u00f3n implementado bajo la norma ISO 17025.<\/p>\n<p>NOTA:<\/p>\n<ul>\n<li>Cada kit que se adquiera cuenta con validaci\u00f3n del m\u00e9todo bajo ISO 17025 (se entregan documentos de validaci\u00f3n).<\/li>\n<li>Cada master mix tiene la enzima UNG para evitar contaminaciones cruzadas.<\/li>\n<li>Cada mix tiene <em>Primers &#8211; Sonda de hidr\u00f3lisis, <\/em>por lo que se deben proteger de la luz.<\/li>\n<li>Contamos con registro ICA y ensayos de aptitud con laboratorios internacionales.<\/li>\n<li>Los kits vienen con controles positivos basados en pl\u00e1smidos recombinantes con curvas est\u00e1ndar para la predicci\u00f3n de copias\/uL.<\/li>\n<li>Los kits son preparados con agua tipo I tratada con DEPC para protegerlos de las nucleasas.<\/li>\n<li>En caso de agotarse un master mix que sea duplex, se puede solicitar por aparte sin necesidad de comprar todo el kit.<\/li>\n<li>Los instrumentos de medici\u00f3n usados para la validaci\u00f3n de los kits, fueron calibrados por laboratorios acreditados ante ONAC.<\/li>\n<li>Los kits se env\u00edan en cava con geles refrigerantes (NO con hielo seco), debido a que la TAQ polimerasa se encuentra bloqueada.<\/li>\n<li>Los kits no registran IVA seg\u00fan la DIAN en Colombia.<\/li>\n<li>El equipo cotizado y los consumibles son vendidos directamente por Mascolab S.A.S, pero la garant\u00eda es directamente con el proveedor.<\/li>\n<li>Los kits tiene fecha de vencimiento de 1 a\u00f1o.<\/li>\n<li>Se recomienda la estaci\u00f3n de PCR para evitar contaminaciones cruzadas.<\/li>\n<li>Se recomienda tomar el curso de PCR presencial o virtual para optimizar el proceso de extracci\u00f3n de ADN, el cual es el m\u00e1s delicado.<\/li>\n<\/ul>\n","protected":false},"excerpt":{"rendered":"<p><em>Anaplasma sp, Cytauxzoon felis, Mycoplasma sp, Bartonella sp<\/em><\/p>\n<p><strong>Documentaci\u00f3n<\/strong><\/p>\n<ul>\n<li><a href=\"http:\/\/www.mascolab.com\/proto\/wp-content\/uploads\/2024\/07\/Cytauxzoon-felis-Anaplasma-sp-Kit-qPCR-by-Mascolab\u00ae.pdf\">Cytauxzoon felis &#8211; Anaplasma sp Kit qPCR by Mascolab\u00ae.pdf<\/a><\/li>\n<li><a href=\"http:\/\/www.mascolab.com\/proto\/wp-content\/uploads\/2024\/07\/Mycoplasma-sp-Bartonella-sp-Kit-qPCR-by-Mascolab\u00ae.pdf\">Mycoplasma sp &#8211; Bartonella sp Kit qPCR by Mascolab\u00ae.pdf<\/a><\/li>\n<\/ul>\n","protected":false},"featured_media":1907,"comment_status":"open","ping_status":"closed","template":"","meta":[],"product_brand":[],"product_cat":[73],"product_tag":[82,83,80,81,79],"class_list":{"0":"post-2649","1":"product","2":"type-product","3":"status-publish","4":"has-post-thumbnail","6":"product_cat-perfiles","7":"product_tag-kit-de-extraccion","8":"product_tag-master-mix","9":"product_tag-pcr","10":"product_tag-pcr-tiempo-real-sonda","11":"product_tag-perfil","12":"thunk-woo-product-list","13":"th-shop-mania-woo-hover-","14":"open-single-product-tab-horizontal","15":"open-shadow-","16":"open-shadow-hover-","18":"first","19":"instock","20":"shipping-taxable","21":"purchasable","22":"product-type-variable","23":"add-to-wishlist-after_add_to_cart"},"_links":{"self":[{"href":"https:\/\/www.mascolab.com\/proto\/wp-json\/wp\/v2\/product\/2649","targetHints":{"allow":["GET"]}}],"collection":[{"href":"https:\/\/www.mascolab.com\/proto\/wp-json\/wp\/v2\/product"}],"about":[{"href":"https:\/\/www.mascolab.com\/proto\/wp-json\/wp\/v2\/types\/product"}],"replies":[{"embeddable":true,"href":"https:\/\/www.mascolab.com\/proto\/wp-json\/wp\/v2\/comments?post=2649"}],"wp:featuredmedia":[{"embeddable":true,"href":"https:\/\/www.mascolab.com\/proto\/wp-json\/wp\/v2\/media\/1907"}],"wp:attachment":[{"href":"https:\/\/www.mascolab.com\/proto\/wp-json\/wp\/v2\/media?parent=2649"}],"wp:term":[{"taxonomy":"product_brand","embeddable":true,"href":"https:\/\/www.mascolab.com\/proto\/wp-json\/wp\/v2\/product_brand?post=2649"},{"taxonomy":"product_cat","embeddable":true,"href":"https:\/\/www.mascolab.com\/proto\/wp-json\/wp\/v2\/product_cat?post=2649"},{"taxonomy":"product_tag","embeddable":true,"href":"https:\/\/www.mascolab.com\/proto\/wp-json\/wp\/v2\/product_tag?post=2649"}],"curies":[{"name":"wp","href":"https:\/\/api.w.org\/{rel}","templated":true}]}}