{"id":1519,"date":"2024-07-08T23:36:33","date_gmt":"2024-07-08T23:36:33","guid":{"rendered":"https:\/\/www.mascolab.com\/protocolizate\/?post_type=product&#038;p=1519"},"modified":"2025-02-04T14:06:34","modified_gmt":"2025-02-04T14:06:34","slug":"kit-de-extraccion","status":"publish","type":"product","link":"https:\/\/www.mascolab.com\/proto\/producto\/kit-de-extraccion\/","title":{"rendered":"Kit de Extracci\u00f3n ADN"},"content":{"rendered":"<p>Somos un laboratorio registrado ante ICA como productores de insumos veterinarios, contamos con Acreditaci\u00f3n ONAC ISO 17025. Con alcance Detecci\u00f3n de ADN para Leptospiras pat\u00f3genas y Toxoplasma gondii en la sede Envigado &#8211; Colombia<\/p>\n<p>NOTA:<\/p>\n<ul>\n<li>Cada kit que se adquiera cuenta con validaci\u00f3n del m\u00e9todo bajo ISO 17025 (se entregan documentos de validaci\u00f3n).<\/li>\n<li>Cada master mix tiene la enzima UNG para evitar contaminaciones cruzadas.<\/li>\n<li>Cada mix tiene\u00a0<em>Primers \u2013 Sonda de hidr\u00f3lisis,\u00a0<\/em>por lo que se deben proteger de la luz.<\/li>\n<li>Contamos con registro ICA y ensayos de aptitud con laboratorios internacionales (nos encontramos en proceso de certificaci\u00f3n ante ONAC).<\/li>\n<li>Los kits vienen con controles positivos basados en pl\u00e1smidos recombinantes con curvas est\u00e1ndar para la predicci\u00f3n de copias\/uL.<\/li>\n<li>Los kits son preparados con agua tipo I tratada con DEPC para protegerlos de las nucleasas.<\/li>\n<li>En caso de agotarse un master mix que sea duplex, se puede solicitar por aparte sin necesidad de comprar todo el kit.<\/li>\n<li>Los instrumentos usados para la validaci\u00f3n de los kits, fueron calibrados por laboratorios certificados ante ONAC.<\/li>\n<li>Los kits se env\u00edan en cava con geles refrigerantes (NO con hielo seco), debido a que la TAQ polimerasa se encuentra bloqueada.<\/li>\n<li>Los kits no registran IVA seg\u00fan la DIAN en Colombia.<\/li>\n<li>El equipo cotizado y los consumibles son vendidos directamente por Mascolab S.A.S, pero la garant\u00eda es directamente con el proveedor.<\/li>\n<li>Los kits tiene fecha de vencimiento de 1 a\u00f1o.<\/li>\n<li>Se recomienda la estaci\u00f3n de PCR para evitar contaminaciones cruzadas.<\/li>\n<li>Se recomienda tomar el curso de PCR presencial o virtual para optimizar el proceso de extracci\u00f3n de ADN, el cual es el m\u00e1s delicado.<\/li>\n<\/ul>\n","protected":false},"excerpt":{"rendered":"<p>Somos un laboratorio registrado ante ICA como productores de insumos veterinarios, contamos con Acreditaci\u00f3n ONAC ISO 17025. Con alcance Detecci\u00f3n de ADN para Leptospiras pat\u00f3genas y Toxoplasma gondii en la sede Envigado &#8211; Colombia NOTA: Cada kit que se adquiera cuenta con validaci\u00f3n del m\u00e9todo bajo ISO 17025 (se entregan documentos de validaci\u00f3n). Cada master &hellip;<\/p>\n<p class=\"read-more\"> <a class=\" thunk-readmore button \" href=\"https:\/\/www.mascolab.com\/proto\/producto\/kit-de-extraccion\/\"> <span class=\"screen-reader-text\">Kit de Extracci\u00f3n ADN<\/span>Read More<\/a><\/p>\n","protected":false},"featured_media":1520,"comment_status":"open","ping_status":"closed","template":"","meta":[],"product_brand":[],"product_cat":[84],"product_tag":[82,80],"class_list":{"0":"post-1519","1":"product","2":"type-product","3":"status-publish","4":"has-post-thumbnail","6":"product_cat-kit-de-extraccion","7":"product_tag-kit-de-extraccion","8":"product_tag-pcr","9":"thunk-woo-product-list","10":"th-shop-mania-woo-hover-","11":"open-single-product-tab-horizontal","12":"open-shadow-","13":"open-shadow-hover-","15":"first","16":"instock","17":"shipping-taxable","18":"purchasable","19":"product-type-variable","20":"add-to-wishlist-after_add_to_cart"},"_links":{"self":[{"href":"https:\/\/www.mascolab.com\/proto\/wp-json\/wp\/v2\/product\/1519","targetHints":{"allow":["GET"]}}],"collection":[{"href":"https:\/\/www.mascolab.com\/proto\/wp-json\/wp\/v2\/product"}],"about":[{"href":"https:\/\/www.mascolab.com\/proto\/wp-json\/wp\/v2\/types\/product"}],"replies":[{"embeddable":true,"href":"https:\/\/www.mascolab.com\/proto\/wp-json\/wp\/v2\/comments?post=1519"}],"wp:featuredmedia":[{"embeddable":true,"href":"https:\/\/www.mascolab.com\/proto\/wp-json\/wp\/v2\/media\/1520"}],"wp:attachment":[{"href":"https:\/\/www.mascolab.com\/proto\/wp-json\/wp\/v2\/media?parent=1519"}],"wp:term":[{"taxonomy":"product_brand","embeddable":true,"href":"https:\/\/www.mascolab.com\/proto\/wp-json\/wp\/v2\/product_brand?post=1519"},{"taxonomy":"product_cat","embeddable":true,"href":"https:\/\/www.mascolab.com\/proto\/wp-json\/wp\/v2\/product_cat?post=1519"},{"taxonomy":"product_tag","embeddable":true,"href":"https:\/\/www.mascolab.com\/proto\/wp-json\/wp\/v2\/product_tag?post=1519"}],"curies":[{"name":"wp","href":"https:\/\/api.w.org\/{rel}","templated":true}]}}