{"id":6104,"date":"2023-04-12T13:24:00","date_gmt":"2023-04-12T13:24:00","guid":{"rendered":"https:\/\/www.mascolab.com\/formacion\/?post_type=product&#038;p=6104"},"modified":"2024-11-27T03:06:30","modified_gmt":"2024-11-27T03:06:30","slug":"curso-de-preparacion-de-reactivos-para-biologia-molecular","status":"publish","type":"product","link":"https:\/\/www.mascolab.com\/escuelahdx\/producto\/curso-de-preparacion-de-reactivos-para-biologia-molecular\/","title":{"rendered":"Curso de Preparaci\u00f3n de Reactivos para Biolog\u00eda Molecular"},"content":{"rendered":"<p>Pr\u00f3ximamente&#8230;<\/p>\n","protected":false},"excerpt":{"rendered":"<p>Pr\u00f3ximamente&#8230;<\/p>\n","protected":false},"featured_media":6105,"comment_status":"open","ping_status":"closed","template":"","meta":{"qubely_global_settings":"","qubely_interactions":""},"product_cat":[16],"product_tag":[],"class_list":{"0":"post-6104","1":"product","2":"type-product","3":"status-publish","4":"has-post-thumbnail","6":"product_cat-sin-categorizar","8":"first","9":"instock","10":"sale","11":"virtual","12":"sold-individually","13":"purchasable","14":"product-type-simple"},"post_excerpt_skillate_core":"<p>Welcome to WordPress. This is your first post. Edit or delete it, then start writing!<\/p>\n","skillate_core_image_urls":{"full":["https:\/\/www.mascolab.com\/escuelahdx\/wp-content\/uploads\/2023\/04\/Portada-Curso-de-Preparacion-de-Reactivos.gif",700,430,false],"portrait":["https:\/\/www.mascolab.com\/escuelahdx\/wp-content\/uploads\/2023\/04\/Portada-Curso-de-Preparacion-de-Reactivos.gif",700,430,false],"portraitab":["https:\/\/www.mascolab.com\/escuelahdx\/wp-content\/uploads\/2023\/04\/Portada-Curso-de-Preparacion-de-Reactivos-322x300.gif",322,300,true],"thumbnail":["https:\/\/www.mascolab.com\/escuelahdx\/wp-content\/uploads\/2023\/04\/Portada-Curso-de-Preparacion-de-Reactivos-140x100.gif",140,100,true]},"_links":{"self":[{"href":"https:\/\/www.mascolab.com\/escuelahdx\/wp-json\/wp\/v2\/product\/6104","targetHints":{"allow":["GET"]}}],"collection":[{"href":"https:\/\/www.mascolab.com\/escuelahdx\/wp-json\/wp\/v2\/product"}],"about":[{"href":"https:\/\/www.mascolab.com\/escuelahdx\/wp-json\/wp\/v2\/types\/product"}],"replies":[{"embeddable":true,"href":"https:\/\/www.mascolab.com\/escuelahdx\/wp-json\/wp\/v2\/comments?post=6104"}],"wp:featuredmedia":[{"embeddable":true,"href":"https:\/\/www.mascolab.com\/escuelahdx\/wp-json\/wp\/v2\/media\/6105"}],"wp:attachment":[{"href":"https:\/\/www.mascolab.com\/escuelahdx\/wp-json\/wp\/v2\/media?parent=6104"}],"wp:term":[{"taxonomy":"product_cat","embeddable":true,"href":"https:\/\/www.mascolab.com\/escuelahdx\/wp-json\/wp\/v2\/product_cat?post=6104"},{"taxonomy":"product_tag","embeddable":true,"href":"https:\/\/www.mascolab.com\/escuelahdx\/wp-json\/wp\/v2\/product_tag?post=6104"}],"curies":[{"name":"wp","href":"https:\/\/api.w.org\/{rel}","templated":true}]}}