{"id":5180,"date":"2023-03-15T14:36:20","date_gmt":"2023-03-15T14:36:20","guid":{"rendered":"https:\/\/www.mascolab.com\/formacion\/?post_type=product&#038;p=5180"},"modified":"2024-08-22T14:18:08","modified_gmt":"2024-08-22T14:18:08","slug":"suscripcion-vitalicia","status":"publish","type":"product","link":"https:\/\/www.mascolab.com\/escuelahdx\/producto\/suscripcion-vitalicia\/","title":{"rendered":"Suscripci\u00f3n Vitalicia"},"content":{"rendered":"<p>Seg\u00fan su perfil profesional, podr\u00e1 entrar a todos los cursos, tendr\u00e1 acceso a las actualizaciones y puede proponer temas de video para los canales de Youtube al igual que en la Escuela HDX<\/p>\n","protected":false},"excerpt":{"rendered":"<p>Seg\u00fan su perfil profesional, podr\u00e1 entrar a todos los cursos, tendr\u00e1 acceso a las actualizaciones y puede proponer temas de video para los canales de Youtube al igual que en la Escuela HDX<\/p>\n","protected":false},"featured_media":0,"comment_status":"open","ping_status":"closed","template":"","meta":{"qubely_global_settings":"","qubely_interactions":""},"product_cat":[16],"product_tag":[],"class_list":{"0":"post-5180","1":"product","2":"type-product","3":"status-publish","5":"product_cat-sin-categorizar","7":"first","8":"instock","9":"sale","10":"virtual","11":"sold-individually","12":"purchasable","13":"product-type-simple"},"post_excerpt_skillate_core":"<p>Welcome to WordPress. This is your first post. Edit or delete it, then start writing!<\/p>\n","skillate_core_image_urls":{"full":"","portrait":"","portraitab":"","thumbnail":""},"_links":{"self":[{"href":"https:\/\/www.mascolab.com\/escuelahdx\/wp-json\/wp\/v2\/product\/5180","targetHints":{"allow":["GET"]}}],"collection":[{"href":"https:\/\/www.mascolab.com\/escuelahdx\/wp-json\/wp\/v2\/product"}],"about":[{"href":"https:\/\/www.mascolab.com\/escuelahdx\/wp-json\/wp\/v2\/types\/product"}],"replies":[{"embeddable":true,"href":"https:\/\/www.mascolab.com\/escuelahdx\/wp-json\/wp\/v2\/comments?post=5180"}],"wp:attachment":[{"href":"https:\/\/www.mascolab.com\/escuelahdx\/wp-json\/wp\/v2\/media?parent=5180"}],"wp:term":[{"taxonomy":"product_cat","embeddable":true,"href":"https:\/\/www.mascolab.com\/escuelahdx\/wp-json\/wp\/v2\/product_cat?post=5180"},{"taxonomy":"product_tag","embeddable":true,"href":"https:\/\/www.mascolab.com\/escuelahdx\/wp-json\/wp\/v2\/product_tag?post=5180"}],"curies":[{"name":"wp","href":"https:\/\/api.w.org\/{rel}","templated":true}]}}