{"id":4846,"date":"2023-02-06T17:17:07","date_gmt":"2023-02-06T17:17:07","guid":{"rendered":"https:\/\/www.mascolab.com\/formacion\/?post_type=product&#038;p=4846"},"modified":"2024-11-27T03:07:08","modified_gmt":"2024-11-27T03:07:08","slug":"curso-presencial-pcr","status":"publish","type":"product","link":"https:\/\/www.mascolab.com\/escuelahdx\/producto\/curso-presencial-pcr\/","title":{"rendered":"Curso PRESENCIAL PCR"},"content":{"rendered":"<p>\ud83c\udf93Un curso que le dedicamos todo nuestros esfuerzo y dedicaci\u00f3n, con fines de avanzar en conjunto con quienes hacen una labor muy importante en el medio veterinario, los laboratoristas, due\u00f1os y actores principales de los diagn\u00f3sticos de laboratorio\ud83e\udd7c. En este curso aprender\u00e1s sobre t\u00e9cnicas de extracci\u00f3n de ADN y ARN por m\u00e9todos convencionales y m\u00e9todos automatizados, capacitaci\u00f3n en PCR punto final, PCR tiempo real sonda, y RT PCR tiempo real. \ud83e\uddec<\/p>\n","protected":false},"excerpt":{"rendered":"<p>\ud83c\udf93Un curso que le dedicamos todo nuestros esfuerzo y dedicaci\u00f3n, con fines de avanzar en conjunto con quienes hacen una labor muy importante en el medio veterinario, los laboratoristas, due\u00f1os y actores principales de los diagn\u00f3sticos de laboratorio\ud83e\udd7c. En este curso aprender\u00e1s sobre t\u00e9cnicas de extracci\u00f3n de ADN y ARN por m\u00e9todos convencionales y m\u00e9todos automatizados, capacitaci\u00f3n en PCR punto final, PCR tiempo real sonda, y RT PCR tiempo real. \ud83e\uddec<\/p>\n","protected":false},"featured_media":0,"comment_status":"open","ping_status":"closed","template":"","meta":{"qubely_global_settings":"","qubely_interactions":""},"product_cat":[16],"product_tag":[],"class_list":{"0":"post-4846","1":"product","2":"type-product","3":"status-publish","5":"product_cat-sin-categorizar","7":"first","8":"instock","9":"sold-individually","10":"shipping-taxable","11":"purchasable","12":"product-type-simple"},"post_excerpt_skillate_core":"<p>Welcome to WordPress. This is your first post. Edit or delete it, then start writing!<\/p>\n","skillate_core_image_urls":{"full":"","portrait":"","portraitab":"","thumbnail":""},"_links":{"self":[{"href":"https:\/\/www.mascolab.com\/escuelahdx\/wp-json\/wp\/v2\/product\/4846","targetHints":{"allow":["GET"]}}],"collection":[{"href":"https:\/\/www.mascolab.com\/escuelahdx\/wp-json\/wp\/v2\/product"}],"about":[{"href":"https:\/\/www.mascolab.com\/escuelahdx\/wp-json\/wp\/v2\/types\/product"}],"replies":[{"embeddable":true,"href":"https:\/\/www.mascolab.com\/escuelahdx\/wp-json\/wp\/v2\/comments?post=4846"}],"wp:attachment":[{"href":"https:\/\/www.mascolab.com\/escuelahdx\/wp-json\/wp\/v2\/media?parent=4846"}],"wp:term":[{"taxonomy":"product_cat","embeddable":true,"href":"https:\/\/www.mascolab.com\/escuelahdx\/wp-json\/wp\/v2\/product_cat?post=4846"},{"taxonomy":"product_tag","embeddable":true,"href":"https:\/\/www.mascolab.com\/escuelahdx\/wp-json\/wp\/v2\/product_tag?post=4846"}],"curies":[{"name":"wp","href":"https:\/\/api.w.org\/{rel}","templated":true}]}}