{"id":4536,"date":"2022-11-11T16:49:47","date_gmt":"2022-11-11T16:49:47","guid":{"rendered":"https:\/\/www.mascolab.com\/formacion\/?page_id=4536"},"modified":"2023-02-23T23:11:28","modified_gmt":"2023-02-23T23:11:28","slug":"terminos-y-condiciones-de-uso","status":"publish","type":"page","link":"https:\/\/www.mascolab.com\/escuelahdx\/terminos-y-condiciones-de-uso\/","title":{"rendered":"T\u00c9RMINOS Y CONDICIONES DE USO"},"content":{"rendered":"<p>Esta p\u00e1gina web es propiedad y est\u00e1 operado por MASCOLAB\u00ae. Estos T\u00e9rminos establecen los t\u00e9rminos y condiciones bajo los cuales usted puede usar nuestra p\u00e1gina web y servicios ofrecidos por nosotros. Esta p\u00e1gina web ofrece a los visitantes venta de cursos en l\u00ednea, algunos con acceso gratuito, venta de pruebas moleculares para animales. Al acceder o usar la p\u00e1gina web de nuestro servicio, usted aprueba que haya le\u00eddo, entendido y aceptado estar sujeto a estos T\u00e9rminos:<\/p><p><strong>T\u00e9rminos y condiciones sitio web<\/strong><\/p><p>Esta p\u00e1gina web es propiedad y est\u00e1 operado por MASCOLAB\u00ae. Estos T\u00e9rminos establecen los t\u00e9rminos y condiciones bajo los cuales usted puede usar nuestra p\u00e1gina web y servicios ofrecidos por nosotros. Esta p\u00e1gina web ofrece a los visitantes venta de cursos en linea, algunos con acceso gratuito, venta de pruebas moleculares para animales. Al acceder o usar la p\u00e1gina web de nuestro servicio, usted aprueba que haya le\u00eddo, entendido y aceptado estar sujeto a estos T\u00e9rminos:<\/p><p>Para usar nuestro p\u00e1gina web y \/ o recibir nuestros servicios, debes tener al menos 18 a\u00f1os de edad, o la mayor\u00eda de edad legal en tu jurisdicci\u00f3n, y poseer la autoridad legal, el derecho y la libertad para participar en estos T\u00e9rminos como un acuerdo vinculante. No tienes permitido utilizar esta p\u00e1gina web y \/ o recibir servicios si hacerlo est\u00e1 prohibido en tu pa\u00eds o en virtud de cualquier ley o regulaci\u00f3n aplicable a tu caso.<\/p><p>Al comprar un curso o prueba molecular, aceptas que: (i) eres responsable de leer el listado completo del art\u00edculo antes de comprometerte a comprarlo: (ii) celebras un contrato legalmente vinculante para comprar un servicio cuando se compromete a comprar un servicio y completar el proceso de check-out.<\/p><p>Los precios que cobramos por usar nuestros servicios se enumeran en la p\u00e1gina web www.mascolab.com (http:\/\/www.mascolab.com\/) o www.mascolab.mx (http:\/\/www.mascolab.mx\/). Nos reservamos el derecho de cambiar nuestros precios para los servicios que se muestran en cualquier momento y de corregir los errores de precios que pueden ocurrir inadvertidamente. Informaci\u00f3n adicional sobre precios e impuestos sobre las ventas est\u00e1 disponible en la p\u00e1gina de pagos.<\/p><p><strong>Pol\u00edtica de devoluciones y reembolsos<\/strong><\/p><p>Si se encuentra inconforme con el curso por qu\u00e9 no cumpli\u00f3 las expectativas propuestas se retornar\u00e1 el valor el 95% del valor del curso, ya que los procesadores de pago cobran la tarifa completa sea que se regrese el dinero o se saque. En caso de estar inconforme con la prueba molecular inconforme, se deber\u00e1 redactar un informe completo que incluya, raz\u00f3n por la que desea devoluci\u00f3n del dinero (Se cuenta con una hora para cancelar el servicio, de lo contrario se efect\u00faan cobros de servicio de log\u00edstica), si realizo la prueba en otro laboratorio, se debe adjuntar la validaci\u00f3n del m\u00e9todo bajo ISO 17025 (debe tener robustez, LOD, LOQ, precisi\u00f3n, ensayos \u00ednter-laboratorio, intra-laboratorio y ensayos de aptitud, ect).<\/p><p><strong>Retenci\u00f3n del derecho a cambiar de oferta<\/strong><\/p><p>Podemos, sin aviso previo, cambiar los servicios; dejar de proporcionar los servicios o cualquier caracter\u00edstica de los servicios que ofrecemos; o crear l\u00edmites para los servicios. Podemos suspender de manera permanente o temporal el acceso a los servicios sin previo aviso ni responsabilidad por cualquier motivo, o sin ning\u00fan motivo.<\/p><p><strong>Garant\u00edas y responsabilidad por servicios y productos<\/strong><\/p><p>Cuando recibimos un reclamo de garant\u00eda v\u00e1lido de un servicio que vendemos, Si no reemplazar el servicio dentro de un tiempo razonable (30 d\u00edas), el cliente tendr\u00e1 derecho a un reembolso total.<\/p><p><strong>Posesi\u00f3n de propiedad intelectual, derechos de autor y logos<\/strong><\/p><p>El Servicio y todos los materiales incluidos o transferidos, incluyendo, sin limitaci\u00f3n, software, im\u00e1genes, texto, gr\u00e1ficos, logotipos, patentes, marcas registradas, marcas de servicio, derechos de autor, fotograf\u00edas, audio, videos, m\u00fasica y todos los Derechos de Propiedad Intelectual relacionados con ellos, son la propiedad exclusiva de MASCOLAB\u00ae SAS. Salvo que se indique expl\u00edcitamente en este documento, no se considerar\u00e1 que nada en estos T\u00e9rminos crea una licencia en o bajo ninguno de dichos Derechos de Propiedad Intelectual, y usted acepta no vender, licenciar, alquilar, modificar, distribuir, copiar, reproducir, transmitir, exhibir p\u00fablicamente, realizar p\u00fablicamente, publicar, adaptar, editar o crear trabajos derivados de los mismos.<\/p><p><strong>Derecho a suspender o cancelar la cuenta de usuario<\/strong><\/p><p>Podemos terminar o suspender de manera permanente o temporal su acceso al servicio sin previo aviso y responsabilidad por cualquier raz\u00f3n, incluso si a nuestra sola determinaci\u00f3n usted viola alguna disposici\u00f3n de estos t\u00e9rminos o cualquier ley o regulaci\u00f3n aplicable. Puedes descontinuar el uso y solicitar cancelar su cuenta y \/ o cualquier servicio en cualquier momento. Sin perjuicio de lo contrario en lo que antecede, con respecto a las suscripciones renovadas autom\u00e1ticamente a los servicios pagados, dichas suscripciones se suspender\u00e1n solo al vencimiento del per\u00edodo correspondiente por el que ya has realizado el pago.<\/p><p><strong>Indemnizaci\u00f3n<\/strong><\/p><p>Usted acuerda indemnizar y eximir de responsabilidad a MASCOLAB\u00ae SAS de cualquier demanda, p\u00e9rdida, responsabilidad, reclamaci\u00f3n o gasto (incluidos los honorarios de abogados) que terceros realicen en tu contra como consecuencia de, o derivado de, o en relaci\u00f3n con tu uso de la p\u00e1gina web o cualquiera de los servicios ofrecidos en la p\u00e1gina web.<\/p><p><strong>Limitaci\u00f3n de responsabilidad<\/strong><\/p><p>En la m\u00e1xima medida permitida por la ley aplicable, en ning\u00fan caso MASCOLAB\u00ae SAS ser\u00e1 responsable por da\u00f1os indirectos, punitivos, incidentales, especiales, consecuentes o ejemplares, incluidos, entre otros, da\u00f1os por p\u00e9rdida de beneficios, buena voluntad, uso, datos. u otras p\u00e9rdidas intangibles, que surjan de o est\u00e9n relacionadas con el uso o la imposibilidad de utilizar el servicio.<\/p><p>En la m\u00e1xima medida permitida por la ley aplicable, MASCOLAB\u00ae SAS no asume responsabilidad alguna por (i) errores, errores o inexactitudes de contenido; (ii) lesiones personales o da\u00f1os al sitio web, de cualquier naturaleza que sean, como resultado de su acceso o uso de nuestro servicio; y (iii) cualquier acceso no autorizado o uso de nuestros servidores seguros y \/ o toda la informaci\u00f3n personal almacenada en los mismos.<\/p><p><strong>Derecho a cambiar y modificar los t\u00e9rminos<\/strong><\/p><p>Nos reservamos el derecho de modificar estos t\u00e9rminos de vez en cuando a nuestra entera discreci\u00f3n. Por lo tanto, debes revisar estas p\u00e1ginas peri\u00f3dicamente. Cuando cambiemos los T\u00e9rminos de una manera material, te notificaremos que se han realizado cambios importantes en los T\u00e9rminos. El uso continuado de la p\u00e1gina web o nuestro servicio despu\u00e9s de dicho cambio constituye tu aceptaci\u00f3n de los nuevos T\u00e9rminos. Si no aceptas alguno de estos t\u00e9rminos o cualquier versi\u00f3n futura de los T\u00e9rminos, no uses o accedas (o contin\u00faes accediendo) a la p\u00e1gina web o al servicio.<\/p><p><strong>Emails de promociones y contenido<\/strong><\/p><p>Acepta recibir de vez en cuando nuestros mensajes y materiales de promoci\u00f3n, por correo postal, correo electr\u00f3nico o cualquier otro formulario de contacto que nos proporciones (incluido su n\u00famero de tel\u00e9fono para llamadas o mensajes de texto). Si no deseas recibir dichos materiales o avisos de promociones, simplemente av\u00edsanos en cualquier momento al correo admin@mascolab.com y\/o a los n\u00fameros de tel\u00e9fono: +525630590392 &#8211; +573022723806<\/p><p><strong>Preferencia de ley y resoluci\u00f3n de disputas<\/strong><\/p><p>Estos T\u00e9rminos, los derechos y recursos provistos aqu\u00ed, y todos y cada uno de los reclamos y disputas relacionados con este y \/ o los servicios, se regir\u00e1n, interpretar\u00e1n y aplicar\u00e1n en todos los aspectos \u00fanica y exclusivamente de conformidad con las leyes sustantivas internas de Colombia \/ Antioqu\u00eda, sin respeto a sus principios de conflicto de leyes. Todos los reclamos y disputas se presentar\u00e1n y usted acepta que sean decididos exclusivamente por un tribunal de jurisdicci\u00f3n competente ubicada en Juzgado 002 CIVIL del Circuito de Envigado, Antioqu\u00eda, Colombia. La aplicaci\u00f3n de la Convenci\u00f3n de Contratos de las Naciones Unidas para la Venta Internacional de Bienes queda expresamente excluida.<\/p><p><strong>Atenci\u00f3n al cliente e informaci\u00f3n de contacto<\/strong><\/p><p>Bogot\u00e1: Direcci\u00f3n: Calle 127 #20-16, Edificio Pluss, Consultorio 312, CP 110121 &#8211; Bogot\u00e1 D.C. Colombia, N\u00famero de Celular: +57 301 790 10 50, e-mail: laboratorio@mascolab.com<br>Envigado: Direcci\u00f3n:Calle 49 Sur #45A-300, Consultorio 1202, Centro Empresarial S48 Tower, CP 055422, Envigado, Colombia, N\u00famero de Celular: +57 302 272 38 06, E-mail: laboratorio@mascolab.com<br>Ciudad de M\u00e9xico: Direcci\u00f3n: Perpetua No. 40 Col. San Jos\u00e9 Insurgentes Alcald\u00eda Benito Juarez C.P.03900 entre Insurgentes y damas, M\u00e9xico. N\u00famero de Celular: +52 56 3059 0392, E-mail: laboratorio@mascolab.com<\/p><p><strong>Disposiciones finales<\/strong><\/p><p>Todos los usuarios que se unen a la comunidad de la escuela de herramientas diagn\u00f3sticas tienen un perfil p\u00fablico visible para los visitantes de la p\u00e1gina y su actividad p\u00fablica (como sus publicaciones o comentarios) ser\u00e1n visible a otros visitantes del sitio web. Algunos cursos se bloquean los comentarios para proteger la integridad f\u00edsica y mental de la libre opini\u00f3n del disertante dentro del curso.<\/p><p>Si desea salir de la comunidad, y eliminar los comentarios realizados anteriormente, se debe solicitar por escrito la eliminaci\u00f3n de dicho comentario, este se realizara en un periodo de tiempo de no mas 15 d\u00edas h\u00e1biles.<\/p><p>Cordialmente,<\/p><p>Equipo MASCOLAB\u00ae<\/p>","protected":false},"excerpt":{"rendered":"<p>Esta p\u00e1gina web es propiedad y est\u00e1 operado por MASCOLAB\u00ae. Estos T\u00e9rminos establecen los t\u00e9rminos y condiciones bajo los cuales usted puede usar nuestra p\u00e1gina web y servicios ofrecidos por nosotros. Esta p\u00e1gina web ofrece a los visitantes venta de cursos en l\u00ednea, algunos con acceso gratuito, venta de pruebas moleculares para animales. Al acceder [&hellip;]<\/p>\n","protected":false},"author":1,"featured_media":0,"parent":0,"menu_order":0,"comment_status":"closed","ping_status":"closed","template":"","meta":{"qubely_global_settings":"","qubely_interactions":"","footnotes":""},"class_list":["post-4536","page","type-page","status-publish","hentry"],"post_excerpt_skillate_core":"<p>Welcome to WordPress. This is your first post. Edit or delete it, then start writing!<\/p>\n","skillate_core_image_urls":{"full":"","portrait":"","portraitab":"","thumbnail":""},"_links":{"self":[{"href":"https:\/\/www.mascolab.com\/escuelahdx\/wp-json\/wp\/v2\/pages\/4536","targetHints":{"allow":["GET"]}}],"collection":[{"href":"https:\/\/www.mascolab.com\/escuelahdx\/wp-json\/wp\/v2\/pages"}],"about":[{"href":"https:\/\/www.mascolab.com\/escuelahdx\/wp-json\/wp\/v2\/types\/page"}],"author":[{"embeddable":true,"href":"https:\/\/www.mascolab.com\/escuelahdx\/wp-json\/wp\/v2\/users\/1"}],"replies":[{"embeddable":true,"href":"https:\/\/www.mascolab.com\/escuelahdx\/wp-json\/wp\/v2\/comments?post=4536"}],"version-history":[{"count":5,"href":"https:\/\/www.mascolab.com\/escuelahdx\/wp-json\/wp\/v2\/pages\/4536\/revisions"}],"predecessor-version":[{"id":4959,"href":"https:\/\/www.mascolab.com\/escuelahdx\/wp-json\/wp\/v2\/pages\/4536\/revisions\/4959"}],"wp:attachment":[{"href":"https:\/\/www.mascolab.com\/escuelahdx\/wp-json\/wp\/v2\/media?parent=4536"}],"curies":[{"name":"wp","href":"https:\/\/api.w.org\/{rel}","templated":true}]}}