{"id":4432,"date":"2022-11-01T21:30:28","date_gmt":"2022-11-01T21:30:28","guid":{"rendered":"https:\/\/www.mascolab.com\/formacion\/?page_id=4432"},"modified":"2022-12-30T16:26:21","modified_gmt":"2022-12-30T16:26:21","slug":"registrate","status":"publish","type":"page","link":"https:\/\/www.mascolab.com\/escuelahdx\/registrate\/","title":{"rendered":"Reg\u00edstrate"},"content":{"rendered":"<div class=\"piereg_container pieregWrapper\"><div class=\"pieregformWrapper pieregWrapper\"><div id=\"show_pie_register_error_js\" class=\"piereg_entry-content\"><\/div><div id=\"pie_register_reg_form\"><form enctype=\"multipart\/form-data\" class=\"pie_register_reg_form\" id=\"pie_regiser_form\" method=\"post\" action=\"\/escuelahdx\/wp-json\/wp\/v2\/pages\/4432\" data-form=\"1\"><input type=\"hidden\" id=\"piereg_registration_form_nonce\" name=\"piereg_registration_form_nonce\" value=\"2df81cac76\" \/><input type=\"hidden\" name=\"_wp_http_referer\" value=\"\/escuelahdx\/wp-json\/wp\/v2\/pages\/4432\" \/><div class=\"fieldset \"><p id=\"piereg_pie_form_desc\" >El siguiente registro es \u00fanico por persona. Nota: Este registro es diferente al portal de resultados Mascolab\u00ae<\/p><\/div><ul id=\"pie_register\"><input type=\"hidden\" value=\"1\" name=\"form_id\" \/><input type=\"hidden\" value=\"\" name=\"limit_submission\" \/><li class=\"fields   pageFields_1 piereg_li_4\"   ><div class=\"fieldset\"><label>Nombres&nbsp;<span class=\"piereg_field_required_label\">*<\/span><\/label><input  value=\"\" placeholder=\"\" data-field_id=\"piereg_field_4\" id=\"name_4_firstname\" name=\"first_name\" class=\"input_fields  piereg_validate[required,custom[alphabetic]] input_fields piereg_name_input_field \"   type=\"text\"  \/><\/div><div class=\"fieldset\"><label>Apellidos&nbsp;<span class=\"piereg_field_required_label\">*<\/span><\/label><input  value=\"\" placeholder=\"\" id=\"name_4_lastname\" name=\"last_name\" class=\"input_fields  piereg_validate[required,custom[alphabetic]] input_fields piereg_name_input_field\"   type=\"text\"  \/><\/div><\/li><li class=\"fields   pageFields_1 piereg_li_27\"   ><div class=\"fieldset\"><label class=\"\" for=\"text_27\">Ciudad\/Provincia&nbsp;<span class=\"piereg_field_required_label\">*<\/span><\/label><input  id=\"text_27\" name=\"text_27\" data-field_id=\"piereg_field_27\" class=\"input_fields  piereg_validate[required,custom[alphabetic]] \"    placeholder=\"\" type=\"text\" value=\"\" \/><\/div><\/li><li class=\"fields   pageFields_1 piereg_li_16\"   ><div class=\"fieldset\"><label class=\"\" for=\"phone_16\">Tel\u00e9fono m\u00f3vil&nbsp;<span class=\"piereg_field_required_label\">*<\/span><\/label><input  id=\"phone_16\" class=\"input_fields  piereg_validate[required,custom[phone_international]] \" data-field_id=\"piereg_field_16\"   placeholder=\"\" name=\"phone_16\" type=\"text\" value=\"\" \/><p class=\"desc\">(+Indicativo)Numero de tel\u00e9fono<\/p><\/div><\/li><li class=\"fields   pageFields_1 piereg_li_1\"   ><div class=\"fieldset\"><label class=\"\" for=\"email_1\">Correo Electr\u00f3nico&nbsp;<span class=\"piereg_field_required_label\">*<\/span><\/label><input  id=\"email_1\" name=\"e_mail\" data-field_id=\"piereg_field_1\" class=\"input_fields  piereg_validate[required,custom[email]] \"  data-errormessage-custom-error=\"\" placeholder=\"\" type=\"text\" value=\"\" \/><\/div><\/li><li class=\"fields   pageFields_1 piereg_li_26\"   ><div class=\"fieldset pr-field-fileupload\" data-img-src=\"https:\/\/www.mascolab.com\/escuelahdx\/wp-content\/plugins\/pie-register-premium\/assets\/images\/\"><label class=\"\" for=\"upload_26\">Archivo Documento Profesional&nbsp;<span class=\"piereg_field_required_label\">*<\/span><\/label><input id=\"fileExist\" name=\"upload_26\"  type=\"hidden\" value= \/><input id=\"pie_register_fileList_upload_26\" name=\"pie_register_fileList_upload_26\"  type=\"hidden\" value=\"\" \/><div  id=\"upload_26\" class=\"pie-register-file-uploader dz-clickable pr_upload_69fb4fa2ad7bc input_fields  piereg_validate[required]   \" tabindex=\"0\" data-allowed-file-ext=\"jpg, png, pdf\"  data-max-file-size=\"10000\" data-max-files=\"1\" data-type=\"upload\"  data-required=\"1\" data-unique-class=\"pr_upload_69fb4fa2ad7bc\"><div class=\"dz-default dz-message\"><svg xmlns=\"http:\/\/www.w3.org\/2000\/svg\" viewBox=\"0 0 32 32\" width=\"32px\" height=\"32px\" fill=\"#868e96\"><path class=\"cls-1\" d=\"M18.12,17.52,17,16.4V25a1,1,0,0,1-2,0V16.4l-1.12,1.12a1,1,0,0,1-1.42,0,1,1,0,0,1,0-1.41l2.83-2.83a1,1,0,0,1,1.42,0l2.83,2.83a1,1,0,0,1-.71,1.7A1,1,0,0,1,18.12,17.52ZM22,22H20a1,1,0,0,1,0-2h2a4,4,0,0,0,.27-8,1,1,0,0,1-.84-.57,6,6,0,0,0-11.36,1.69,1,1,0,0,1-1,.86H9A3,3,0,0,0,9,20h3a1,1,0,0,1,0,2H9a5,5,0,0,1-.75-9.94A8,8,0,0,1,23,10.1,6,6,0,0,1,22,22Z\"><\/path><\/svg><span class=\"pie-register-upload-title\">Drop your file here or click here to upload.<\/span><span class=\"pie-register-upload-hint\">You can upload up to 1 files.<\/span><span class=\"pie-register-upload-limit-exceeded\">Upload limit exceeded. You can upload only 1 files.<\/span><\/div><\/div><\/div><\/li><li class=\"fields   pageFields_1 piereg_li_0\"   ><div class=\"fieldset\"><label class=\"\" for=\"username_0\">Nombre de Usuario\/a&nbsp;<span class=\"piereg_field_required_label\">*<\/span><\/label><input id=\"username\" name=\"username\" data-field_id=\"piereg_field_0\" class=\"input_fields  piereg_validate[required,username] piereg_username_input_field \" placeholder=\"\" type=\"text\" value=\"\" data-errormessage-value-missing=\"\"  \/><\/div><\/li><li class=\"fields   pageFields_1 piereg_li_2\"   ><div class=\"fieldset\"><label class=\"\" for=\"password_2\">Contrase\u00f1a&nbsp;<span class=\"piereg_field_required_label\">*<\/span><\/label><input id=\"password_2\" name=\"password\" data-field_id=\"piereg_field_2\" class=\"input_fields  piereg_validate[minSize[8],required] prPass1\" placeholder=\"\" type=\"password\" data-errormessage-value-missing=\"\" data-errormessage-range-underflow=\"\" data-errormessage-range-overflow=\"\" autocomplete=\"off\" ><span class=\"show-hide-password-innerbtn pass-eye-reg pass-eye-reg_left_label_hide_conf_pass_no_desc  eye\"><\/span><\/div><input class=\"prMinimumPasswordStrengthlength\" type=\"hidden\" id=\"password_strength_meter_1\" data-id=\"1\" value=\"1\" \/><span class=\"prMinimumPasswordStrengthMessage\" id=\"password_strength_message_1\" style=\"display:none;\">Contrase\u00f1a D\u00e9bil<\/span><\/li><li class=\"fields   pageFields_1 piereg_li_25\"   ><div class=\"fieldset\"><label class=\"\" for=\"checkbox_25\">Elige los cursos de inter\u00e9s<\/label><div class=\"radio_wrap\"><div class=\"radio_container\"><input    value=\"Curso de implementaci\u00f3n de PCR para diagn\u00f3stico in-vitro.\" data-field_id=\"piereg_field_25\" type=\"checkbox\" name=\"checkbox_25[]\" class=\"input_fields  radio_fields \"   data-map-field-by-class=\"checkbox_25\" ><label>Curso de implementaci\u00f3n de PCR para diagn\u00f3stico in-vitro.<\/label><\/div><div class=\"radio_container\"><input    value=\"Curso de PCR (Laboratorio Virtual)\" data-field_id=\"piereg_field_25\" type=\"checkbox\" name=\"checkbox_25[]\" class=\"input_fields  radio_fields \"   data-map-field-by-class=\"checkbox_25\" ><label>Curso de PCR (Laboratorio Virtual)&#8230;&#8230;&#8230;&#8230;&#8230;&#8230;&#8230;&#8230;&#8230;&#8230;..<\/label><\/div><div class=\"radio_container\"><input    value=\"Curso Interpretaci\u00f3n de Pruebas de Laboratorio Vet\" data-field_id=\"piereg_field_25\" type=\"checkbox\" name=\"checkbox_25[]\" class=\"input_fields  radio_fields \"   data-map-field-by-class=\"checkbox_25\" ><label>Curso Interpretaci\u00f3n de Pruebas de Laboratorio Vet<\/label><\/div><div class=\"radio_container\"><input    value=\"Curso PCR (Presencial)\" data-field_id=\"piereg_field_25\" type=\"checkbox\" name=\"checkbox_25[]\" class=\"input_fields  radio_fields \"   data-map-field-by-class=\"checkbox_25\" ><label>Curso PCR (Presencial)&#8230;&#8230;&#8230;&#8230;&#8230;&#8230;&#8230;&#8230;&#8230;&#8230;&#8230;&#8230;&#8230;&#8230;&#8230;..<\/label><\/div><div class=\"radio_container\"><input    value=\"Curso Casos Cl\u00ednicos en Animales de Compa\u00f1\u00eda\" data-field_id=\"piereg_field_25\" type=\"checkbox\" name=\"checkbox_25[]\" class=\"input_fields  radio_fields \"   data-map-field-by-class=\"checkbox_25\" ><label>Curso Casos Cl\u00ednicos en Animales de Compa\u00f1\u00eda<\/label><\/div><div class=\"radio_container\"><input    value=\"Curso Casos Cl\u00ednicos en Animales de Producci\u00f3n\" data-field_id=\"piereg_field_25\" type=\"checkbox\" name=\"checkbox_25[]\" class=\"input_fields  radio_fields \"   data-map-field-by-class=\"checkbox_25\" ><label>Curso Casos Cl\u00ednicos en Animales de Producci\u00f3n<\/label><\/div><div class=\"radio_container\"><input    value=\"Curso Toma de Muestras en Animales de Compa\u00f1\u00eda (Pr\u00f3ximamente)\" data-field_id=\"piereg_field_25\" type=\"checkbox\" name=\"checkbox_25[]\" class=\"input_fields  radio_fields \"   data-map-field-by-class=\"checkbox_25\" ><label>Curso Toma de Muestras en Animales de Compa\u00f1\u00eda (Pr\u00f3ximamente)<\/label><\/div><div class=\"radio_container\"><input    value=\"Curso de Preparaci\u00f3n de Reactivos para Biolog\u00eda Molecular\" data-field_id=\"piereg_field_25\" type=\"checkbox\" name=\"checkbox_25[]\" class=\"input_fields  radio_fields \"   data-map-field-by-class=\"checkbox_25\" ><label>Curso de Preparaci\u00f3n de Reactivos para Biolog\u00eda Molecular<\/label><\/div><\/div><\/div><\/li><li class=\"fields   pageFields_1 piereg_li_6\"   ><div class=\"fieldset piereg-wrap-terms\"><label for=\"terms_terms_6\"><input  id=\"terms_terms_6\" name=\"terms_6\" class=\"input_fields  piereg_validate[required] \" data-field_id=\"piereg_field_6\" type=\"checkbox\" value=\"1\" data-map-field-by-class=\"terms_6\" data-errormessage-value-missing=\"Debes aceptar los t\u00e9rminos y condiciones de uso para que puedas registrarte\" >T\u00e9rminos y Condiciones de Uso. Haga clic <a target=\"_blank\" href=\"https:\/\/www.mascolab.com\/escuelahdx\/terminos-y-condiciones-de-uso\/\">aqu\u00ed<\/a> para ver.<\/label><\/div><\/li><li class=\"fields   pageFields_1 piereg_li_\"   ><div class=\"fieldset\"><div class=\"pie_wrap_buttons\"><input name=\"pie_submit\" class=\"pie_submit\" type=\"submit\" value=\"Registrarme\" \/><\/div><\/div><\/li><\/ul><\/form><\/div><\/div><\/div>","protected":false},"excerpt":{"rendered":"","protected":false},"author":1,"featured_media":0,"parent":0,"menu_order":0,"comment_status":"closed","ping_status":"closed","template":"","meta":{"qubely_global_settings":"","qubely_interactions":"","footnotes":""},"class_list":["post-4432","page","type-page","status-publish","hentry"],"post_excerpt_skillate_core":"<p>Welcome to WordPress. This is your first post. Edit or delete it, then start writing!<\/p>\n","skillate_core_image_urls":{"full":"","portrait":"","portraitab":"","thumbnail":""},"_links":{"self":[{"href":"https:\/\/www.mascolab.com\/escuelahdx\/wp-json\/wp\/v2\/pages\/4432","targetHints":{"allow":["GET"]}}],"collection":[{"href":"https:\/\/www.mascolab.com\/escuelahdx\/wp-json\/wp\/v2\/pages"}],"about":[{"href":"https:\/\/www.mascolab.com\/escuelahdx\/wp-json\/wp\/v2\/types\/page"}],"author":[{"embeddable":true,"href":"https:\/\/www.mascolab.com\/escuelahdx\/wp-json\/wp\/v2\/users\/1"}],"replies":[{"embeddable":true,"href":"https:\/\/www.mascolab.com\/escuelahdx\/wp-json\/wp\/v2\/comments?post=4432"}],"version-history":[{"count":3,"href":"https:\/\/www.mascolab.com\/escuelahdx\/wp-json\/wp\/v2\/pages\/4432\/revisions"}],"predecessor-version":[{"id":4649,"href":"https:\/\/www.mascolab.com\/escuelahdx\/wp-json\/wp\/v2\/pages\/4432\/revisions\/4649"}],"wp:attachment":[{"href":"https:\/\/www.mascolab.com\/escuelahdx\/wp-json\/wp\/v2\/media?parent=4432"}],"curies":[{"name":"wp","href":"https:\/\/api.w.org\/{rel}","templated":true}]}}