{"id":4410,"date":"2022-10-27T20:41:40","date_gmt":"2022-10-27T20:41:40","guid":{"rendered":"https:\/\/www.mascolab.com\/formacion\/ha-olvidado-su-contrasena\/"},"modified":"2022-10-27T20:41:40","modified_gmt":"2022-10-27T20:41:40","slug":"ha-olvidado-su-contrasena","status":"publish","type":"page","link":"https:\/\/www.mascolab.com\/escuelahdx\/ha-olvidado-su-contrasena\/","title":{"rendered":"Ha olvidado su contrase\u00f1a"},"content":{"rendered":"<div class=\"piereg_container\"><div class=\"piereg_entry-content pieregForgotPassword pieregWrapper\"><div id=\"piereg_forgotpassword\"><div id=\"piereg_login\"><div class=\"alert alert-warning\"><p class=\"piereg_warning fp_desc\">Por favor introduzca su nombre de usuario o direcci\u00f3n de correo electr\u00f3nico. Recibir\u00e1 un enlace para crear una nueva contrase\u00f1a por correo electr\u00f3nico.<\/p><\/div><form method=\"post\" action=\"\/escuelahdx\/wp-json\/wp\/v2\/pages\/4410\" id=\"piereg_lostpasswordform\"><ul id=\"pie_register\"><li class=\"fields\"><label for=\"user_login\">Username or Email:<\/label><input type=\"text\" size=\"20\" value=\"\" class=\"input input_fields validate[required]\" id=\"reset_user_login\" name=\"user_login\" placeholder=\"\"><\/li><input type=\"hidden\" id=\"piereg_reset_password_nonce\" name=\"piereg_reset_password_nonce\" value=\"faf2692ac1\" \/><input type=\"hidden\" name=\"_wp_http_referer\" value=\"\/escuelahdx\/wp-json\/wp\/v2\/pages\/4410\" \/><input type=\"hidden\" value=\"\" name=\"redirect_to\"><input type=\"hidden\" value=\"1\" name=\"is_forgot_form\"><li class=\"fields\"><div class=\"fieldset\"><\/div><\/li><li class=\"fields\"><p class=\"submit\"><input type=\"submit\" value=\"Restablecer mi contrase\u00f1a\" class=\"button button-primary button-large\" id=\"wp-reset-submit\" name=\"user-submit\"><\/p><\/li><\/ul>\r\n\t\t<input type=\"hidden\" name=\"reset_pass\" value=\"1\" \/>\r\n\t\t<input type=\"hidden\" name=\"user-cookie\" value=\"1\" \/>\r\n\t  <\/form>\r\n\t<\/div>\r\n\t<\/div>\r\n\t<\/div>\r\n\t<\/div>\n","protected":false},"excerpt":{"rendered":"","protected":false},"author":1,"featured_media":0,"parent":0,"menu_order":0,"comment_status":"closed","ping_status":"closed","template":"","meta":{"qubely_global_settings":"","qubely_interactions":"","footnotes":""},"class_list":["post-4410","page","type-page","status-publish","hentry"],"post_excerpt_skillate_core":"<p>Welcome to WordPress. This is your first post. Edit or delete it, then start writing!<\/p>\n","skillate_core_image_urls":{"full":"","portrait":"","portraitab":"","thumbnail":""},"_links":{"self":[{"href":"https:\/\/www.mascolab.com\/escuelahdx\/wp-json\/wp\/v2\/pages\/4410","targetHints":{"allow":["GET"]}}],"collection":[{"href":"https:\/\/www.mascolab.com\/escuelahdx\/wp-json\/wp\/v2\/pages"}],"about":[{"href":"https:\/\/www.mascolab.com\/escuelahdx\/wp-json\/wp\/v2\/types\/page"}],"author":[{"embeddable":true,"href":"https:\/\/www.mascolab.com\/escuelahdx\/wp-json\/wp\/v2\/users\/1"}],"replies":[{"embeddable":true,"href":"https:\/\/www.mascolab.com\/escuelahdx\/wp-json\/wp\/v2\/comments?post=4410"}],"version-history":[{"count":0,"href":"https:\/\/www.mascolab.com\/escuelahdx\/wp-json\/wp\/v2\/pages\/4410\/revisions"}],"wp:attachment":[{"href":"https:\/\/www.mascolab.com\/escuelahdx\/wp-json\/wp\/v2\/media?parent=4410"}],"curies":[{"name":"wp","href":"https:\/\/api.w.org\/{rel}","templated":true}]}}